{"id":125,"date":"2019-02-06T10:21:57","date_gmt":"2019-02-06T10:21:57","guid":{"rendered":"http:\/\/stage.odisee.be\/onderwijs\/bakoaalst\/?page_id=125"},"modified":"2025-10-16T17:09:54","modified_gmt":"2025-10-16T17:09:54","slug":"nieuws","status":"publish","type":"page","link":"https:\/\/stage.odisee.be\/onderwijs\/bakoaalst\/nieuws\/","title":{"rendered":"Vrijwillige stage"},"content":{"rendered":"\t\t<div data-elementor-type=\"wp-post\" data-elementor-id=\"125\" class=\"elementor elementor-125\">\n\t\t\t\t\t\t<section class=\"elementor-section elementor-top-section elementor-element elementor-element-f2172d4 elementor-section-boxed elementor-section-height-default elementor-section-height-default\" data-id=\"f2172d4\" data-element_type=\"section\" data-e-type=\"section\">\n\t\t\t\t\t\t<div class=\"elementor-container elementor-column-gap-default\">\n\t\t\t\t\t<div class=\"elementor-column elementor-col-100 elementor-top-column elementor-element elementor-element-d4216a4\" data-id=\"d4216a4\" data-element_type=\"column\" data-e-type=\"column\">\n\t\t\t<div class=\"elementor-widget-wrap elementor-element-populated\">\n\t\t\t\t\t\t<div class=\"elementor-element elementor-element-400d00c accordeon-gesloten elementor-widget elementor-widget-accordion\" data-id=\"400d00c\" data-element_type=\"widget\" data-e-type=\"widget\" data-widget_type=\"accordion.default\">\n\t\t\t\t<div class=\"elementor-widget-container\">\n\t\t\t\t\t\t\t<div class=\"elementor-accordion\">\n\t\t\t\t\t\t\t<div class=\"elementor-accordion-item\">\n\t\t\t\t\t<div id=\"elementor-tab-title-6711\" class=\"elementor-tab-title\" data-tab=\"1\" role=\"button\" aria-controls=\"elementor-tab-content-6711\" aria-expanded=\"false\">\n\t\t\t\t\t\t\t\t\t\t\t\t\t<span class=\"elementor-accordion-icon elementor-accordion-icon-left\" aria-hidden=\"true\">\n\t\t\t\t\t\t\t\t\t\t\t\t\t\t\t<span class=\"elementor-accordion-icon-closed\"><i class=\"fas fa-plus\"><\/i><\/span>\n\t\t\t\t\t\t\t\t<span class=\"elementor-accordion-icon-opened\"><i class=\"fas fa-minus\"><\/i><\/span>\n\t\t\t\t\t\t\t\t\t\t\t\t\t\t<\/span>\n\t\t\t\t\t\t\t\t\t\t\t\t<a class=\"elementor-accordion-title\" tabindex=\"0\">Verborgen<\/a>\n\t\t\t\t\t<\/div>\n\t\t\t\t\t<div id=\"elementor-tab-content-6711\" class=\"elementor-tab-content elementor-clearfix\" data-tab=\"1\" role=\"region\" aria-labelledby=\"elementor-tab-title-6711\"><p>Inhoud accordeon<\/p><\/div>\n\t\t\t\t<\/div>\n\t\t\t\t\t\t\t<div class=\"elementor-accordion-item\">\n\t\t\t\t\t<div id=\"elementor-tab-title-6712\" class=\"elementor-tab-title\" data-tab=\"2\" role=\"button\" aria-controls=\"elementor-tab-content-6712\" aria-expanded=\"false\">\n\t\t\t\t\t\t\t\t\t\t\t\t\t<span class=\"elementor-accordion-icon elementor-accordion-icon-left\" aria-hidden=\"true\">\n\t\t\t\t\t\t\t\t\t\t\t\t\t\t\t<span class=\"elementor-accordion-icon-closed\"><i class=\"fas fa-plus\"><\/i><\/span>\n\t\t\t\t\t\t\t\t<span class=\"elementor-accordion-icon-opened\"><i class=\"fas fa-minus\"><\/i><\/span>\n\t\t\t\t\t\t\t\t\t\t\t\t\t\t<\/span>\n\t\t\t\t\t\t\t\t\t\t\t\t<a class=\"elementor-accordion-title\" tabindex=\"0\">Wat is een vrijwillige stage?<\/a>\n\t\t\t\t\t<\/div>\n\t\t\t\t\t<div id=\"elementor-tab-content-6712\" class=\"elementor-tab-content elementor-clearfix\" data-tab=\"2\" role=\"region\" aria-labelledby=\"elementor-tab-title-6712\"><p>Een vrijwillige stage is een studiestage die een student op eigen initiatief loopt. De stage maakt geen deel uit van het individueel studieprogramma (ISP); er kunnen dus geen credits verworven worden voor de stage.\u00a0<\/p><p>Er zijn verschillende goede redenen om een vrijwillige stage te lopen: om kennis om te zetten in de praktijk, om al wat ervaring op te doen, om al eens te proeven van het werkveld, om te ontdekken of de opleiding \u2013 en bij uitbreiding het beroep \u2013 iemand ligt, om kansen op slagen te vergroten eens in een volgend academiejaar stage wordt opgenomen in het ISP, enz.<\/p><\/div>\n\t\t\t\t<\/div>\n\t\t\t\t\t\t\t<div class=\"elementor-accordion-item\">\n\t\t\t\t\t<div id=\"elementor-tab-title-6713\" class=\"elementor-tab-title\" data-tab=\"3\" role=\"button\" aria-controls=\"elementor-tab-content-6713\" aria-expanded=\"false\">\n\t\t\t\t\t\t\t\t\t\t\t\t\t<span class=\"elementor-accordion-icon elementor-accordion-icon-left\" aria-hidden=\"true\">\n\t\t\t\t\t\t\t\t\t\t\t\t\t\t\t<span class=\"elementor-accordion-icon-closed\"><i class=\"fas fa-plus\"><\/i><\/span>\n\t\t\t\t\t\t\t\t<span class=\"elementor-accordion-icon-opened\"><i class=\"fas fa-minus\"><\/i><\/span>\n\t\t\t\t\t\t\t\t\t\t\t\t\t\t<\/span>\n\t\t\t\t\t\t\t\t\t\t\t\t<a class=\"elementor-accordion-title\" tabindex=\"0\">Wat zijn de verwachtingen? <\/a>\n\t\t\t\t\t<\/div>\n\t\t\t\t\t<div id=\"elementor-tab-content-6713\" class=\"elementor-tab-content elementor-clearfix\" data-tab=\"3\" role=\"region\" aria-labelledby=\"elementor-tab-title-6713\"><p>Bij een vrijwillige stage gaat de student effectief zelf aan de slag. Het houdt dus meer in dan alleen \u2018aanwezig\u2019 zijn of observeren. We verwachten dat een student zelf het leerproces in handen neemt en dat alle leerkansen worden benut. De student gaat hierover in overleg met de stageplaats en -mentor en bezorgt de opleiding een overzicht van hoe de vrijwillige stage wordt aangepakt.<\/p><\/div>\n\t\t\t\t<\/div>\n\t\t\t\t\t\t\t<div class=\"elementor-accordion-item\">\n\t\t\t\t\t<div id=\"elementor-tab-title-6714\" class=\"elementor-tab-title\" data-tab=\"4\" role=\"button\" aria-controls=\"elementor-tab-content-6714\" aria-expanded=\"false\">\n\t\t\t\t\t\t\t\t\t\t\t\t\t<span class=\"elementor-accordion-icon elementor-accordion-icon-left\" aria-hidden=\"true\">\n\t\t\t\t\t\t\t\t\t\t\t\t\t\t\t<span class=\"elementor-accordion-icon-closed\"><i class=\"fas fa-plus\"><\/i><\/span>\n\t\t\t\t\t\t\t\t<span class=\"elementor-accordion-icon-opened\"><i class=\"fas fa-minus\"><\/i><\/span>\n\t\t\t\t\t\t\t\t\t\t\t\t\t\t<\/span>\n\t\t\t\t\t\t\t\t\t\t\t\t<a class=\"elementor-accordion-title\" tabindex=\"0\">Mogelijke leerkansen tijdens vrijwillige stage<\/a>\n\t\t\t\t\t<\/div>\n\t\t\t\t\t<div id=\"elementor-tab-content-6714\" class=\"elementor-tab-content elementor-clearfix\" data-tab=\"4\" role=\"region\" aria-labelledby=\"elementor-tab-title-6714\"><p><span style=\"color: #800080\"><strong>LEERVRAAG<\/strong><\/span>:\u00a0Je wil zien hoe een bepaald aanbod dat je in de theorie zag aangebracht wordt in de praktijk. Je voelt je minder zeker bij het zelf uitdenken en uitvoeren van een bepaald aanbod en wil eerst nog eens een goed voorbeeld zien.\u00a0<\/p><p><span style=\"color: #800080\"><em>Leerkansen<\/em><em>:<\/em><\/span><\/p><ul><li>Je vraagt de mentor om een bepaald aanbod te brengen in de klas. Jij observeert hoe de mentor het aanpakt en bespreekt nadien met de mentor de opbouw van de activiteit, de keuze van de doelen, de organisatie, enz. Gebruik voor de bespreking de vakdidactiek van het betreffende leergebied, het model van Van Gelder (onderwijskunde), de didactische principes (onderwijskunde), het EHBO-boekje, enz. Denk eerst zelf na en toets nadien af bij de mentor.\u00a0\u00a0<\/li><li>Of probeer een activiteitenfiche uit te schrijven van de activiteit die je observeerde bij de mentor. Bespreek nadien of die overeenkomt met wat de mentor in gedachten had.\u00a0<\/li><\/ul><p><span style=\"color: #800080\"><strong>LEERVRAAG<\/strong><\/span>:\u00a0Je wil sterker worden in het uitwerken en begeleiden van een bepaald aanbod. Je wil in de praktijk oefenen wat je in de theorie zag. Je wil werkpunten uit het verleden aanpakken en wegwerken.<\/p><p><span style=\"color: #800080\"><em>Leerkansen<\/em><em>:<\/em><\/span><\/p><ul><li><p>Je vraagt of je zelf een bepaald aanbod mag brengen in de klas. Je maakt hiervan de voorbereiding en voert die nadien uit. Je hoeft daarom niet de volledige klaswerking over te nemen. Focus op de activiteit waar je \u2019t moeilijk mee hebt. Reflecteer eerst zelf en ga nadien in gesprek met de mentor.<\/p><\/li><li><p>Breng vooraf jouw mentor op de hoogte van wat je precies wil inoefenen en waarover je gerichte feedback wil. Op die manier kan de mentor jouw leerproces het best ondersteunen.<\/p><\/li><li><p>Je kan op verschillende manieren oefenen: verschillende activiteiten binnen \u00e9\u00e9n leergebied, verschillende activiteiten binnen verschillende leergebieden, activiteiten waarin een chronologische samenhang zit en die je achtereenvolgend uitvoert, eerst focus op een krachtig basisaanbod \u2013 vervolgens verdere focus op differentiatie, \u00e9\u00e9n activiteit begeleiden versus de volledige klaswerking leiden, eenzelfde aanbod bij verschillende leeftijdsgroepen, enz.<\/p><\/li><li><p>Neem de tijd om eenzelfde aanbod te herhalen: gebruik eens een andere groeperingsvorm, andere materialen, andere werkvormen, op een ander moment van de dag, op een andere plaats in de klas, enz. Ga na wat het effect is op de kinderen \u00e9n op jezelf.<\/p><\/li><\/ul><p><span style=\"color: #800080\"><strong>LEERVRAAG<\/strong><\/span><strong>:<\/strong>\u00a0Je wil werken aan stemgebruik, expressie, speelsheid, kordaatheid, enz. Je voelt je hierover nog onzeker of weet niet goed hoe je dit aan moet pakken. Je wil verder experimenteren met stemgebruik, expressie, speelsheid, kordaatheid, enz. Je wil jouw grenzen verleggen.\u00a0<\/p><p><span style=\"color: #800080\"><em>Leerkansen<\/em><em>:<\/em><\/span><\/p><ul><li><p>Je observeert hoe jouw mentor het aanpakt, in verschillende contexten (verschillende leergebieden, activiteiten, groeperingsvormen, werkvormen, enz.). Je observeert hoe andere collega\u2019s het aanpakken. Je gaat hiervoor in verschillende klassen en bij verschillende mentoren observeren.<\/p><\/li><li><p>Je gaat in gesprek over (klas)afspraken, over uitdenken en inzetten van routines, over do\u2019s en don\u2019ts, enz. Je wisselt tips uit.<\/p><\/li><li><p>Je imiteert. Kort na een observatie voer je zelf een soortgelijke activiteit uit. Je imiteert daarbij de mentor. Op die manier voel je welk effect deze manier van aanpak heeft op de kinderen \u00e9n op jezelf. Je imiteert bij een ander soort aanbod, waarbij je transfer maakt tussen de context die je observeerde en de context waarin jij opereert.<\/p><\/li><li><p>Je reflecteert. Leg verbanden tussen wat je de mentor ziet doen en de theorie die je in de opleiding zag. Leg linken over OPO\u2019s en opleidingsfasen heen. Denk na over jouw eigen onderwijsstijl: welk soort leraar wil je worden? Wat kan je hiervoor ondernemen? Wat deed je al? Wat had effect? Wat wil je in de toekomst uitproberen?<\/p><\/li><li><p>Je voert uit in teamteaching. Door samen met de mentor een aanbod vorm te geven en uit te voeren, sta je er nog niet helemaal alleen voor. Er is veiligheid: de mentor kan jou enthousiast meeslepen en je daardoor grenzen doen verleggen, tegelijkertijd staat de mentor aan jouw zijde mochten zaken anders uitdraaien. Kortom: je hebt niets te verliezen!<br \/>Door te teamteachen kan je bovendien het aanbod grootser maken. Zo kan je \u00e9cht jouw grenzen verleggen.<\/p><\/li><li><p>Je voert zelfstandig uit: je test een aanbod uit en vraagt aan de mentor om jou te observeren en nadien gerichte feedback te geven.<\/p><\/li><\/ul><\/div>\n\t\t\t\t<\/div>\n\t\t\t\t\t\t\t<div class=\"elementor-accordion-item\">\n\t\t\t\t\t<div id=\"elementor-tab-title-6715\" class=\"elementor-tab-title\" data-tab=\"5\" role=\"button\" aria-controls=\"elementor-tab-content-6715\" aria-expanded=\"false\">\n\t\t\t\t\t\t\t\t\t\t\t\t\t<span class=\"elementor-accordion-icon elementor-accordion-icon-left\" aria-hidden=\"true\">\n\t\t\t\t\t\t\t\t\t\t\t\t\t\t\t<span class=\"elementor-accordion-icon-closed\"><i class=\"fas fa-plus\"><\/i><\/span>\n\t\t\t\t\t\t\t\t<span class=\"elementor-accordion-icon-opened\"><i class=\"fas fa-minus\"><\/i><\/span>\n\t\t\t\t\t\t\t\t\t\t\t\t\t\t<\/span>\n\t\t\t\t\t\t\t\t\t\t\t\t<a class=\"elementor-accordion-title\" tabindex=\"0\">Voorwaarden vrijwillige stage<\/a>\n\t\t\t\t\t<\/div>\n\t\t\t\t\t<div id=\"elementor-tab-content-6715\" class=\"elementor-tab-content elementor-clearfix\" data-tab=\"5\" role=\"region\" aria-labelledby=\"elementor-tab-title-6715\"><p>De vrijwillige stage wordt administratief geco\u00f6rdineerd door Stefan De Clerck (<a href=\"mailto:sofie.rottiers@odisee.be\">stefan.declerck@odisee.be<\/a>). Hij volgt het administratieve luik op. Een stageschool of een student kan bij hem terecht met vragen en bedenkingen.\u00a0<\/p><p>De vrijwillige stage zelf wordt uitgevoerd in een basisschool naar keuze, bij een leeftijdsgroep en mentor naar keuze. De stage gebeurt onder toezicht en leiding van een stagementor die de student aan- en bijstuurt, feedback geeft en de student wegwijs maakt in wat de verschillende beroepstaken inhouden.\u00a0<\/p><p>Een vrijwillige stage kan onder de verzekering van Odisee indien voldaan is aan een aantal strikte voorwaarden, nl.:\u00a0<\/p><ul><li>de student is ingeschreven met een diplomacontract voor minstens 27 studiepunten;<\/li><li>de vrijwillige stage heeft een duidelijke band met de huidige opleiding aan Odisee;<\/li><li>de vrijwillige stage is onbezoldigd;<\/li><li>de vrijwillige stage mag het academiejaar niet overschrijden en mag in Belgi\u00eb niet langer dan 60 dagen duren;<\/li><li>de stageco\u00f6rdinator van de opleiding gaat akkoord met de vrijwillige stage en ondertekent de stageovereenkomst van Odisee.\u00a0<\/li><\/ul><\/div>\n\t\t\t\t<\/div>\n\t\t\t\t\t\t\t<div class=\"elementor-accordion-item\">\n\t\t\t\t\t<div id=\"elementor-tab-title-6716\" class=\"elementor-tab-title\" data-tab=\"6\" role=\"button\" aria-controls=\"elementor-tab-content-6716\" aria-expanded=\"false\">\n\t\t\t\t\t\t\t\t\t\t\t\t\t<span class=\"elementor-accordion-icon elementor-accordion-icon-left\" aria-hidden=\"true\">\n\t\t\t\t\t\t\t\t\t\t\t\t\t\t\t<span class=\"elementor-accordion-icon-closed\"><i class=\"fas fa-plus\"><\/i><\/span>\n\t\t\t\t\t\t\t\t<span class=\"elementor-accordion-icon-opened\"><i class=\"fas fa-minus\"><\/i><\/span>\n\t\t\t\t\t\t\t\t\t\t\t\t\t\t<\/span>\n\t\t\t\t\t\t\t\t\t\t\t\t<a class=\"elementor-accordion-title\" tabindex=\"0\">Stageovereenkomst vrijwillige stage<\/a>\n\t\t\t\t\t<\/div>\n\t\t\t\t\t<div id=\"elementor-tab-content-6716\" class=\"elementor-tab-content elementor-clearfix\" data-tab=\"6\" role=\"region\" aria-labelledby=\"elementor-tab-title-6716\"><p>Belangrijk om te weten: ook voor een vrijwillige stage moet je een stageovereenkomst sluiten met de school waar stage wordt gelopen. Een stageovereenkomst bestaat uit een stagecontract \u00e9n een risicoanalyse.<\/p><p>V\u00f3\u00f3r aanvang van de stage zorg je ervoor dat de stageovereenkomst tussen de student, de hogeschool en de stageschool in orde is. <span style=\"color: #ff0000\">Verzekeringsgewijs is dit een cruciale stap alvorens je kan starten met de stage. Je bent zelf verantwoordelijk voor het tijdig indienen van de gegevens voor deze overeenkomst en moet alle onderstaande stappen tijdig en nauwkeurig uitvoeren.<\/span><\/p><p><strong>STAP 1 \u2013 Neem contact op met jouw stageplaats en vraag gegevens op.<\/strong><\/p><p>Ga naar de stageplaats en stel jezelf voor aan de directie en mentor. Maak hiervoor vooraf een afspraak met de school.<\/p><p>Vraag op datzelfde moment een aantal stagegegevens op die je nodig hebt voor het stagecontract en laat een risicoanalyse invullen. Je kan de risicoanalyse van de hogeschool (<a href=\"https:\/\/stage.odisee.be\/onderwijs\/bakoaalst\/wp-content\/uploads\/sites\/6\/2022\/08\/Risicoanalyse2022.docx\"><span style=\"text-decoration: underline\">klik hier<\/span><\/a>) OF van de stageschool gebruiken (als de stageschool over een eigen risicoanalyse beschikt).<\/p><p>Gegevens i.v.m. de stageschool:<\/p><ul><li>Naam stageschool<\/li><li>Adres stageschool: straat en nummer (hoofdafdeling)<\/li><li>Postcode en gemeente stageschool (hoofdafdeling)<\/li><li>Ondernemingsnummer van de school (nr. KBO). Het ondernemingsnummer bestaat uit een 0 of een 1, gevolgd door 9 cijfers. Een ondernemingsnummer ziet er als volgt uit: &#8216;0123.321.123&#8217;.<\/li><\/ul><p style=\"padding-left: 80px\"><span style=\"color: #333399\">Het ondernemingsnummer kan je ook zelf opzoeken via <span style=\"text-decoration: underline\"><a style=\"color: #333399\" href=\"http:\/\/kbopub.economie.fgov.be\/kbopub\/zoeknaamfonetischform.html\">http:\/\/kbopub.economie.fgov.be\/kbopub\/zoeknaamfonetischform.html<\/a><\/span><\/span><\/p><ul><li>Voornaam directeur<\/li><li>Naam directeur<\/li><li>E-mailadres directeur<\/li><li>Is de directeur ook de persoon die het stagecontract digitaal zal ondertekenen?Indien neen:<ul><li>Voornaam ondertekenaar contract<\/li><li>Naam ondertekenaar contract<\/li><li>E-mailadres ondertekenaar contract<\/li><\/ul><\/li><li>Voornaam en naam mentor<\/li><\/ul><p><strong>STAP 2 \u2013 Vul het juiste stagecontract <span style=\"text-decoration: underline\">digitaal<\/span> in<\/strong> (dus niet printen en scannen; dit heeft een negatief effect op de leesbaarheid).<\/p><p>Stagecontract:<a href=\"https:\/\/stage.odisee.be\/onderwijs\/bakoaalst\/wp-content\/uploads\/sites\/6\/2021\/09\/Stageovereenkomst-vrijwillige-stage-EBA-KO-DAG-AJ-2025-2026.docx\"><span style=\"text-decoration: underline\"> klik hier<\/span><\/a><\/p><p><strong>STAP 3 \u2013 Voeg de stageovereenkomst en de risicoanalyse samen tot 1 document.<\/strong><\/p><p>De stageovereenkomst bestaat uit twee luiken (stagecontract \u00e9n risicoanalyse), maar m\u00f3et als \u00e9\u00e9n bestand worden opgeslaan. Maak van het ingevulde stagecontract en de risicoanalyse dus \u00e9\u00e9n PDF-document dat duidelijk leesbaar is. Je zoekt hiervoor op internet een gratis online programma.<\/p><p>Zorg voor een <span style=\"text-decoration: underline\">correcte volgorde<\/span>, nl. eerst het stagecontract en dan de risicoanalyse.<\/p><p>Geef het ingevulde stagecontract met de risicoanalyse de juiste naam, nl. 2526_stageovereenkomst_VS_Naam_Voornaam.pdf<\/p><p>VS staat voor \u2018vrijwillige stage\u2019. Naam en voornaam vervang je door jouw eigen naam en voornaam.<\/p><p><strong>STAP 4 \u2013 Bezorg alle stagegegevens en de stageovereenkomst zo snel mogelijk aan de hogeschool.<\/strong> Doe dit ruim voor jouw eerste stage start!<\/p><p>Mail de stageovereenkomst (d.w.z. het stagecontract met de risicoanalyse in \u00e9\u00e9n document) naar de stageco\u00f6rdinator (Barbara De Jonge).<\/p><p><strong>STAP 5 \u2013 Ondertekenen stageovereenkomst<\/strong><\/p><p>De stageco\u00f6rdinator bezorgt vervolgens de stageovereenkomst aan de betrokken partijen ter ondertekening. Dit laatste gebeurt volledig digitaal via het programma \u2018Connective\u2019 (dat de mail ook verstuurt).<\/p><p>Wanneer alle partijen de stageovereenkomst hebben ondertekend, ontvangt iedereen een exemplaar in de mailbox. Zo kan elke partij opvolgen of de stageovereenkomst in orde is en de student kan starten met de stage.<\/p><\/div>\n\t\t\t\t<\/div>\n\t\t\t\t\t\t\t\t<\/div>\n\t\t\t\t\t\t<\/div>\n\t\t\t\t<\/div>\n\t\t\t\t\t<\/div>\n\t\t<\/div>\n\t\t\t\t\t<\/div>\n\t\t<\/section>\n\t\t\t\t<\/div>\n\t\t","protected":false},"excerpt":{"rendered":"<p>Verborgen Inhoud accordeon Wat is een vrijwillige stage? Een vrijwillige stage is een studiestage die een student op eigen initiatief loopt. De stage maakt geen deel uit van het individueel studieprogramma (ISP); er kunnen dus geen credits verworven worden voor de stage.\u00a0 Er zijn verschillende goede redenen om een vrijwillige stage te lopen: om kennis [&hellip;]<\/p>\n","protected":false},"author":1,"featured_media":0,"parent":0,"menu_order":60,"comment_status":"closed","ping_status":"closed","template":"","meta":{"footnotes":""},"tags":[],"class_list":["post-125","page","type-page","status-publish","hentry"],"blocksy_meta":[],"_links":{"self":[{"href":"https:\/\/stage.odisee.be\/onderwijs\/bakoaalst\/wp-json\/wp\/v2\/pages\/125","targetHints":{"allow":["GET"]}}],"collection":[{"href":"https:\/\/stage.odisee.be\/onderwijs\/bakoaalst\/wp-json\/wp\/v2\/pages"}],"about":[{"href":"https:\/\/stage.odisee.be\/onderwijs\/bakoaalst\/wp-json\/wp\/v2\/types\/page"}],"author":[{"embeddable":true,"href":"https:\/\/stage.odisee.be\/onderwijs\/bakoaalst\/wp-json\/wp\/v2\/users\/1"}],"replies":[{"embeddable":true,"href":"https:\/\/stage.odisee.be\/onderwijs\/bakoaalst\/wp-json\/wp\/v2\/comments?post=125"}],"version-history":[{"count":12,"href":"https:\/\/stage.odisee.be\/onderwijs\/bakoaalst\/wp-json\/wp\/v2\/pages\/125\/revisions"}],"predecessor-version":[{"id":3415,"href":"https:\/\/stage.odisee.be\/onderwijs\/bakoaalst\/wp-json\/wp\/v2\/pages\/125\/revisions\/3415"}],"wp:attachment":[{"href":"https:\/\/stage.odisee.be\/onderwijs\/bakoaalst\/wp-json\/wp\/v2\/media?parent=125"}],"wp:term":[{"taxonomy":"post_tag","embeddable":true,"href":"https:\/\/stage.odisee.be\/onderwijs\/bakoaalst\/wp-json\/wp\/v2\/tags?post=125"}],"curies":[{"name":"wp","href":"https:\/\/api.w.org\/{rel}","templated":true}]}}